{"id":28530,"date":"2024-06-13T07:19:47","date_gmt":"2024-06-13T07:19:47","guid":{"rendered":"http:\/\/lemaras1.nl\/testvariogatecom\/certifications\/tuv-certification\/"},"modified":"2025-02-25T12:28:36","modified_gmt":"2025-02-25T12:28:36","slug":"tuv-certification","status":"publish","type":"page","link":"https:\/\/lemaras1.nl\/testvariogatecom\/de\/certifications\/tuv-certification\/","title":{"rendered":"T\u00dcV-Zertifizierung"},"content":{"rendered":"\t\t<div data-elementor-type=\"wp-page\" data-elementor-id=\"28530\" class=\"elementor elementor-28530 elementor-23338\" data-elementor-post-type=\"page\">\n\t\t\t\t<div class=\"elementor-element elementor-element-61c19b4 e-flex e-con-boxed e-con e-parent\" data-id=\"61c19b4\" data-element_type=\"container\">\n\t\t\t\t\t<div class=\"e-con-inner\">\n\t\t<div class=\"elementor-element elementor-element-dddc130 e-con-full e-flex e-con e-child\" data-id=\"dddc130\" data-element_type=\"container\">\n\t\t\t\t<div class=\"elementor-element elementor-element-56e4afc elementor-widget elementor-widget-heading\" data-id=\"56e4afc\" data-element_type=\"widget\" data-widget_type=\"heading.default\">\n\t\t\t\t<div class=\"elementor-widget-container\">\n\t\t\t\t\t<h2 class=\"elementor-heading-title elementor-size-default\">Bestehen der T\u00dcV-Zertifizierung: H\u00f6chste Standards<\/h2>\t\t\t\t<\/div>\n\t\t\t\t<\/div>\n\t\t\t\t<div class=\"elementor-element elementor-element-b2dab40 elementor-widget elementor-widget-text-editor\" data-id=\"b2dab40\" data-element_type=\"widget\" data-widget_type=\"text-editor.default\">\n\t\t\t\t<div class=\"elementor-widget-container\">\n\t\t\t\t\t\t\t\t\t<p>Variogate ist stolz darauf, bekannt geben zu k\u00f6nnen, dass unser Unternehmen die strenge T\u00dcV-Zertifizierung erfolgreich bestanden hat, ein Beweis f\u00fcr unser Engagement f\u00fcr Spitzenleistungen in Design, Fertigung und Qualit\u00e4tsmanagement. Diese bedeutende Leistung umfasst mehrere Schl\u00fcsselstandards, von denen jeder f\u00fcr die Gew\u00e4hrleistung h\u00f6chster Sicherheit, Zuverl\u00e4ssigkeit und Qualit\u00e4t unserer Produkte von entscheidender Bedeutung ist.<\/p>\n<p>In Zusammenarbeit mit dem T\u00dcV wurden Richtlinien erstellt, die unsere Produkte erf\u00fcllen m\u00fcssen, um sicherzustellen, dass wir unsere hohe Qualit\u00e4t garantieren. Wir verwenden nicht nur EN-ISO-1422-3:2016. Unsere Produkte werden gem\u00e4\u00df EN-1090-1 hergestellt und auf der Grundlage von Festigkeitsberechnungen und CAD-Software gem\u00e4\u00df Eurocodes entworfen. Wir arbeiten mit zertifizierten Schwei\u00dfern (EN-ISO 9606-1) und Produktionsabl\u00e4ufen gem\u00e4\u00df EN 1090, um nur einige zu nennen. Lesen Sie mehr \u00fcber all diese Richtlinien auf <a href=\"http:\/\/lemaras1.nl\/testvariogatecom\/de\/certifications\/iso-certification\/\">unserer Zertifizierungsseite<\/a>.<\/p>\n\t\t\t\t\t\t\t\t<\/div>\n\t\t\t\t<\/div>\n\t\t\t\t<\/div>\n\t\t<div class=\"elementor-element elementor-element-6724831 e-con-full e-flex e-con e-child\" data-id=\"6724831\" data-element_type=\"container\">\n\t\t\t\t<div class=\"elementor-element elementor-element-a263978 elementor-widget elementor-widget-image\" data-id=\"a263978\" data-element_type=\"widget\" data-widget_type=\"image.default\">\n\t\t\t\t<div class=\"elementor-widget-container\">\n\t\t\t\t\t\t\t\t\t\t\t\t\t\t\t<img fetchpriority=\"high\" decoding=\"async\" width=\"500\" height=\"500\" src=\"https:\/\/lemaras1.nl\/testvariogatecom\/wp-content\/uploads\/2025\/02\/Type-Approved_Mark-of-conformity_Variogate.webp\" class=\"attachment-large size-large wp-image-28142\" alt=\"TUV certificate Variogate\" srcset=\"https:\/\/lemaras1.nl\/testvariogatecom\/wp-content\/uploads\/2025\/02\/Type-Approved_Mark-of-conformity_Variogate.webp 500w, https:\/\/lemaras1.nl\/testvariogatecom\/wp-content\/uploads\/2025\/02\/Type-Approved_Mark-of-conformity_Variogate-300x300.webp 300w, https:\/\/lemaras1.nl\/testvariogatecom\/wp-content\/uploads\/2025\/02\/Type-Approved_Mark-of-conformity_Variogate-150x150.webp 150w, https:\/\/lemaras1.nl\/testvariogatecom\/wp-content\/uploads\/2025\/02\/Type-Approved_Mark-of-conformity_Variogate-100x100.webp 100w\" sizes=\"(max-width: 500px) 100vw, 500px\" \/>\t\t\t\t\t\t\t\t\t\t\t\t\t\t\t<\/div>\n\t\t\t\t<\/div>\n\t\t\t\t<\/div>\n\t\t\t\t\t<\/div>\n\t\t\t\t<\/div>\n\t\t<div class=\"elementor-element elementor-element-d149483 e-flex e-con-boxed e-con e-parent\" data-id=\"d149483\" data-element_type=\"container\">\n\t\t\t\t\t<div class=\"e-con-inner\">\n\t\t\t\t<div class=\"elementor-element elementor-element-e3f92f7 elementor-widget elementor-widget-heading\" data-id=\"e3f92f7\" data-element_type=\"widget\" data-widget_type=\"heading.default\">\n\t\t\t\t<div class=\"elementor-widget-container\">\n\t\t\t\t\t<h2 class=\"elementor-heading-title elementor-size-default\">Unsere Leitlinien in Kooperation mit dem T\u00dcV Nord<\/h2>\t\t\t\t<\/div>\n\t\t\t\t<\/div>\n\t\t\t\t\t<\/div>\n\t\t\t\t<\/div>\n\t\t<div class=\"elementor-element elementor-element-384d4f8 e-flex e-con-boxed e-con e-parent\" data-id=\"384d4f8\" data-element_type=\"container\">\n\t\t\t\t\t<div class=\"e-con-inner\">\n\t\t<div class=\"elementor-element elementor-element-35f7d5d e-con-full e-flex e-con e-child\" data-id=\"35f7d5d\" data-element_type=\"container\">\n\t\t\t\t<div class=\"elementor-element elementor-element-ad70026 elementor-widget elementor-widget-text-editor\" data-id=\"ad70026\" data-element_type=\"widget\" data-widget_type=\"text-editor.default\">\n\t\t\t\t<div class=\"elementor-widget-container\">\n\t\t\t\t\t\t\t\t\t<h3 style=\"font-size: 16px; color: #ce1719;\"><strong>Konstruktion und Fertigung nach EN 1090-1<\/strong><\/h3>\n<p>Unsere Konstruktions- und Fertigungsprozesse wurden zertifiziert und erf\u00fcllen die strengen Anforderungen der EN 1090-1. Diese Norm legt die Anforderungen an die Ausf\u00fchrung von Stahl- und Aluminiumkonstruktionen fest und stellt sicher, dass unsere Produkte mit h\u00f6chster Pr\u00e4zision und Zuverl\u00e4ssigkeit konstruiert und hergestellt werden. Der Erhalt dieser Zertifizierung beweist unsere F\u00e4higkeit, Strukturkomponenten herzustellen, die den h\u00f6chsten europ\u00e4ischen Standards f\u00fcr Sicherheit und Leistung entsprechen.<\/p>\n<h3 style=\"font-size: 16px; color: #ce1719;\"><strong>Gel\u00e4nder nach EN 14122-3<\/strong><\/h3>\n<p>Wir haben auch die Anforderungen der EN 14122-3 f\u00fcr unsere Gel\u00e4ndersysteme erf\u00fcllt. Diese Norm konzentriert sich auf die Sicherheit von Gel\u00e4ndern als Teil von Maschinen und stellt sicher, dass unsere Gel\u00e4nder den notwendigen Schutz bieten, um St\u00fcrze und Unf\u00e4lle zu verhindern. Durch die Einhaltung der EN 14122-3 garantieren wir, dass unsere Gel\u00e4nder so konstruiert und installiert werden, dass sie maximale Sicherheit bieten und den Branchenvorschriften entsprechen.<\/p>\n<h3 style=\"font-size: 16px; color: #ce1719;\"><strong>Schwei\u00dfteile gem\u00e4\u00df EN-ISO 9606<\/strong><\/h3>\n<p>Unsere Schwei\u00dfverfahren und die Kompetenz unserer Schwei\u00dfer wurden gem\u00e4\u00df EN-ISO 9606 validiert. Diese Norm legt die Qualifikationspr\u00fcfung von Schwei\u00dfern f\u00fcr das Schmelzschwei\u00dfen von St\u00e4hlen und anderen Materialien fest. Das Bestehen dieser Zertifizierung best\u00e4tigt, dass unsere Schwei\u00dfteile mit h\u00f6chster Qualit\u00e4t und Handwerkskunst hergestellt werden, was die strukturelle Integrit\u00e4t und Langlebigkeit unserer Produkte gew\u00e4hrleistet.<\/p>\n<h3 style=\"font-size: 16px; color: #ce1719;\"><strong>Sandsack-Schwingtest gem\u00e4\u00df NEN 6702<\/strong><\/h3>\n<p>Das Variogate wurde gem\u00e4\u00df NEN 6702 getestet, einer niederl\u00e4ndischen Norm, die die Anforderungen und Richtlinien f\u00fcr die Konstruktion, den Bau und die Pr\u00fcfung von Leitern, Treppen und Gehwegen f\u00fcr industrielle und andere Anwendungen festlegt. Diese Norm stellt sicher, dass diese Strukturen strenge Kriterien f\u00fcr Sicherheit, Haltbarkeit und Funktionalit\u00e4t erf\u00fcllen. <a href=\"http:\/\/lemaras1.nl\/testvariogatecom\/de\/certifications\/sandbag-swing-test\/\">Der Sandsack-Schwingtest<\/a>, der die Schlagfestigkeit und Haltbarkeit von Materialien bewertet, best\u00e4tigt, dass unser Variogate rauen Bedingungen standh\u00e4lt und gleichzeitig seine strukturelle Integrit\u00e4t unter Belastung beibeh\u00e4lt. Das erfolgreiche Bestehen dieses Tests st\u00e4rkt die Position des Variogate als starke und zuverl\u00e4ssige L\u00f6sung auf dem Markt.<\/p>\n<h3 style=\"font-size: 16px; color: #ce1719;\"><strong>Qualit\u00e4tsmanagementsystem nach ISO 9001<\/strong><\/h3>\n<p>Unser Qualit\u00e4tsmanagementsystem ist nach ISO 9001 zertifiziert. Dieser international anerkannte Standard stellt sicher, dass unsere Prozesse kontinuierlich verbessert werden und wir uns verpflichtet f\u00fchlen, die Anforderungen unserer Kunden und der Beh\u00f6rden zu erf\u00fcllen. Die ISO 9001-Zertifizierung unterstreicht unser Engagement f\u00fcr Qualit\u00e4t und Kundenzufriedenheit und stellt sicher, dass unsere Produkte und Dienstleistungen von h\u00f6chster Qualit\u00e4t sind.<\/p>\n<p>Weitere Informationen finden Sie auch auf der folgenden Website des T\u00dcV Niederlande: https:\/\/www.tuv.nl.<\/p>\n\t\t\t\t\t\t\t\t<\/div>\n\t\t\t\t<\/div>\n\t\t\t\t<\/div>\n\t\t<div class=\"elementor-element elementor-element-4c839bd e-con-full e-flex e-con e-child\" data-id=\"4c839bd\" data-element_type=\"container\">\n\t\t\t\t<div class=\"elementor-element elementor-element-aceec01 elementor-widget elementor-widget-image\" data-id=\"aceec01\" data-element_type=\"widget\" data-widget_type=\"image.default\">\n\t\t\t\t<div class=\"elementor-widget-container\">\n\t\t\t\t\t\t\t\t\t\t\t\t\t\t\t<img decoding=\"async\" width=\"724\" height=\"1024\" src=\"https:\/\/lemaras1.nl\/testvariogatecom\/wp-content\/uploads\/2025\/02\/Uittreksel-TUV-certificaat-haagh-protection-variogate-724x1024.webp\" class=\"attachment-large size-large wp-image-28643\" alt=\"Uittreksel TUV certificaat haagh-protection variogate\" srcset=\"https:\/\/lemaras1.nl\/testvariogatecom\/wp-content\/uploads\/2025\/02\/Uittreksel-TUV-certificaat-haagh-protection-variogate-724x1024.webp 724w, https:\/\/lemaras1.nl\/testvariogatecom\/wp-content\/uploads\/2025\/02\/Uittreksel-TUV-certificaat-haagh-protection-variogate-212x300.webp 212w, https:\/\/lemaras1.nl\/testvariogatecom\/wp-content\/uploads\/2025\/02\/Uittreksel-TUV-certificaat-haagh-protection-variogate-768x1086.webp 768w, https:\/\/lemaras1.nl\/testvariogatecom\/wp-content\/uploads\/2025\/02\/Uittreksel-TUV-certificaat-haagh-protection-variogate-1087x1536.webp 1087w, https:\/\/lemaras1.nl\/testvariogatecom\/wp-content\/uploads\/2025\/02\/Uittreksel-TUV-certificaat-haagh-protection-variogate-1449x2048.webp 1449w, https:\/\/lemaras1.nl\/testvariogatecom\/wp-content\/uploads\/2025\/02\/Uittreksel-TUV-certificaat-haagh-protection-variogate-300x424.webp 300w, https:\/\/lemaras1.nl\/testvariogatecom\/wp-content\/uploads\/2025\/02\/Uittreksel-TUV-certificaat-haagh-protection-variogate-600x848.webp 600w, https:\/\/lemaras1.nl\/testvariogatecom\/wp-content\/uploads\/2025\/02\/Uittreksel-TUV-certificaat-haagh-protection-variogate-scaled.webp 1811w\" sizes=\"(max-width: 724px) 100vw, 724px\" \/>\t\t\t\t\t\t\t\t\t\t\t\t\t\t\t<\/div>\n\t\t\t\t<\/div>\n\t\t\t\t<\/div>\n\t\t\t\t\t<\/div>\n\t\t\t\t<\/div>\n\t\t<div class=\"elementor-element elementor-element-ea79e3b e-flex e-con-boxed e-con e-parent\" data-id=\"ea79e3b\" data-element_type=\"container\">\n\t\t\t\t\t<div class=\"e-con-inner\">\n\t\t\t\t<div class=\"elementor-element elementor-element-97d6b2c elementor-widget elementor-widget-heading\" data-id=\"97d6b2c\" data-element_type=\"widget\" data-widget_type=\"heading.default\">\n\t\t\t\t<div class=\"elementor-widget-container\">\n\t\t\t\t\t<h2 class=\"elementor-heading-title elementor-size-default\">Abschluss<\/h2>\t\t\t\t<\/div>\n\t\t\t\t<\/div>\n\t\t\t\t<div class=\"elementor-element elementor-element-cf6a150 elementor-widget elementor-widget-text-editor\" data-id=\"cf6a150\" data-element_type=\"widget\" data-widget_type=\"text-editor.default\">\n\t\t\t\t<div class=\"elementor-widget-container\">\n\t\t\t\t\t\t\t\t\t<p>Zusammenfassend l\u00e4sst sich sagen, dass die erfolgreiche T\u00dcV-Zertifizierung von Variogate unser unerm\u00fcdliches Engagement f\u00fcr die Einhaltung h\u00f6chster Standards in puncto Sicherheit, Qualit\u00e4t und Zuverl\u00e4ssigkeit in allen Aspekten unserer Gesch\u00e4ftst\u00e4tigkeit unterstreicht. Durch die Einhaltung anerkannter Richtlinien und Normen wie EN-ISO-1422-3:2016, EN-1090-1 und EN-ISO 9606-1 stellen wir sicher, dass jedes von uns hergestellte Produkt die strengsten Anforderungen erf\u00fcllt. Wir sind weiterhin bestrebt, uns kontinuierlich zu verbessern und Produkte zu liefern, auf deren Haltbarkeit und Leistung unsere Kunden vertrauen k\u00f6nnen.<\/p>\n\t\t\t\t\t\t\t\t<\/div>\n\t\t\t\t<\/div>\n\t\t\t\t\t<\/div>\n\t\t\t\t<\/div>\n\t\t\t\t<\/div>\n\t\t","protected":false},"excerpt":{"rendered":"<p>Bestehen der T\u00dcV-Zertifizierung: H\u00f6chste Standards Variogate ist stolz darauf, bekannt geben zu k\u00f6nnen, dass unser Unternehmen die strenge T\u00dcV-Zertifizierung erfolgreich bestanden hat, ein Beweis f\u00fcr unser Engagement f\u00fcr Spitzenleistungen in Design, Fertigung und Qualit\u00e4tsmanagement. Diese bedeutende Leistung umfasst mehrere Schl\u00fcsselstandards, von denen jeder f\u00fcr die Gew\u00e4hrleistung h\u00f6chster Sicherheit, Zuverl\u00e4ssigkeit und Qualit\u00e4t unserer Produkte von entscheidender&hellip;<\/p>\n","protected":false},"author":10,"featured_media":28142,"parent":1250,"menu_order":0,"comment_status":"closed","ping_status":"closed","template":"","meta":{"_acf_changed":false,"_bbp_topic_count":0,"_bbp_reply_count":0,"_bbp_total_topic_count":0,"_bbp_total_reply_count":0,"_bbp_voice_count":0,"_bbp_anonymous_reply_count":0,"_bbp_topic_count_hidden":0,"_bbp_reply_count_hidden":0,"_bbp_forum_subforum_count":0,"footnotes":""},"class_list":["post-28530","page","type-page","status-publish","has-post-thumbnail","hentry"],"acf":[],"yoast_head":"<!-- This site is optimized with the Yoast SEO plugin v24.3 - https:\/\/yoast.com\/wordpress\/plugins\/seo\/ -->\n<title>T\u00dcV-Zertifizierung - Variogate<\/title>\n<meta name=\"description\" content=\"Die T\u00dcV-Zertifizierung von Variogate erf\u00fcllt die h\u00f6chsten Standards f\u00fcr Arbeitssicherheit. \u2714 EN 1090-1 \u2714 EN 14122-3 \u2714 EN-ISO 9606 \u2714 ISO 9001.\" \/>\n<meta name=\"robots\" content=\"noindex, follow, max-snippet:-1, max-image-preview:large, max-video-preview:-1\" \/>\n<meta property=\"og:locale\" content=\"de_DE\" \/>\n<meta property=\"og:type\" content=\"article\" \/>\n<meta property=\"og:title\" content=\"T\u00dcV-Zertifizierung - Variogate\" \/>\n<meta property=\"og:description\" content=\"Die T\u00dcV-Zertifizierung von Variogate erf\u00fcllt die h\u00f6chsten Standards f\u00fcr Arbeitssicherheit. \u2714 EN 1090-1 \u2714 EN 14122-3 \u2714 EN-ISO 9606 \u2714 ISO 9001.\" \/>\n<meta property=\"og:url\" content=\"https:\/\/lemaras1.nl\/testvariogatecom\/certifications\/tuv-certification\/\" \/>\n<meta property=\"og:site_name\" content=\"Variogate\" \/>\n<meta property=\"article:modified_time\" content=\"2025-02-25T12:28:36+00:00\" \/>\n<meta property=\"og:image\" content=\"https:\/\/lemaras1.nl\/testvariogatecom\/wp-content\/uploads\/2025\/02\/Type-Approved_Mark-of-conformity_Variogate.webp\" \/>\n\t<meta property=\"og:image:width\" content=\"500\" \/>\n\t<meta property=\"og:image:height\" content=\"500\" \/>\n\t<meta property=\"og:image:type\" content=\"image\/webp\" \/>\n<meta name=\"twitter:card\" content=\"summary_large_image\" \/>\n<meta name=\"twitter:label1\" content=\"Gesch\u00e4tzte Lesezeit\" \/>\n\t<meta name=\"twitter:data1\" content=\"3\u00a0Minuten\" \/>\n<script type=\"application\/ld+json\" class=\"yoast-schema-graph\">{\"@context\":\"https:\/\/schema.org\",\"@graph\":[{\"@type\":\"WebPage\",\"@id\":\"https:\/\/lemaras1.nl\/testvariogatecom\/certifications\/tuv-certification\/\",\"url\":\"https:\/\/lemaras1.nl\/testvariogatecom\/certifications\/tuv-certification\/\",\"name\":\"T\u00dcV-Zertifizierung - Variogate\",\"isPartOf\":{\"@id\":\"https:\/\/lemaras1.nl\/testvariogatecom\/#website\"},\"primaryImageOfPage\":{\"@id\":\"https:\/\/lemaras1.nl\/testvariogatecom\/certifications\/tuv-certification\/#primaryimage\"},\"image\":{\"@id\":\"https:\/\/lemaras1.nl\/testvariogatecom\/certifications\/tuv-certification\/#primaryimage\"},\"thumbnailUrl\":\"https:\/\/lemaras1.nl\/testvariogatecom\/wp-content\/uploads\/2025\/02\/Type-Approved_Mark-of-conformity_Variogate.webp\",\"datePublished\":\"2024-06-13T07:19:47+00:00\",\"dateModified\":\"2025-02-25T12:28:36+00:00\",\"description\":\"Die T\u00dcV-Zertifizierung von Variogate erf\u00fcllt die h\u00f6chsten Standards f\u00fcr Arbeitssicherheit. \u2714 EN 1090-1 \u2714 EN 14122-3 \u2714 EN-ISO 9606 \u2714 ISO 9001.\",\"breadcrumb\":{\"@id\":\"https:\/\/lemaras1.nl\/testvariogatecom\/certifications\/tuv-certification\/#breadcrumb\"},\"inLanguage\":\"de\",\"potentialAction\":[{\"@type\":\"ReadAction\",\"target\":[\"https:\/\/lemaras1.nl\/testvariogatecom\/certifications\/tuv-certification\/\"]}]},{\"@type\":\"ImageObject\",\"inLanguage\":\"de\",\"@id\":\"https:\/\/lemaras1.nl\/testvariogatecom\/certifications\/tuv-certification\/#primaryimage\",\"url\":\"https:\/\/lemaras1.nl\/testvariogatecom\/wp-content\/uploads\/2025\/02\/Type-Approved_Mark-of-conformity_Variogate.webp\",\"contentUrl\":\"https:\/\/lemaras1.nl\/testvariogatecom\/wp-content\/uploads\/2025\/02\/Type-Approved_Mark-of-conformity_Variogate.webp\",\"width\":500,\"height\":500,\"caption\":\"TUV certificate Variogate\"},{\"@type\":\"BreadcrumbList\",\"@id\":\"https:\/\/lemaras1.nl\/testvariogatecom\/certifications\/tuv-certification\/#breadcrumb\",\"itemListElement\":[{\"@type\":\"ListItem\",\"position\":1,\"name\":\"Home\",\"item\":\"https:\/\/lemaras1.nl\/testvariogatecom\/de\/\"},{\"@type\":\"ListItem\",\"position\":2,\"name\":\"Zertifizierungen\",\"item\":\"https:\/\/lemaras1.nl\/testvariogatecom\/certifications\/\"},{\"@type\":\"ListItem\",\"position\":3,\"name\":\"T\u00dcV-Zertifizierung\"}]},{\"@type\":\"WebSite\",\"@id\":\"https:\/\/lemaras1.nl\/testvariogatecom\/#website\",\"url\":\"https:\/\/lemaras1.nl\/testvariogatecom\/\",\"name\":\"Variogate\",\"description\":\"Next level safety\",\"potentialAction\":[{\"@type\":\"SearchAction\",\"target\":{\"@type\":\"EntryPoint\",\"urlTemplate\":\"https:\/\/lemaras1.nl\/testvariogatecom\/?s={search_term_string}\"},\"query-input\":{\"@type\":\"PropertyValueSpecification\",\"valueRequired\":true,\"valueName\":\"search_term_string\"}}],\"inLanguage\":\"de\"}]}<\/script>\n<!-- \/ Yoast SEO plugin. -->","yoast_head_json":{"title":"T\u00dcV-Zertifizierung - Variogate","description":"Die T\u00dcV-Zertifizierung von Variogate erf\u00fcllt die h\u00f6chsten Standards f\u00fcr Arbeitssicherheit. \u2714 EN 1090-1 \u2714 EN 14122-3 \u2714 EN-ISO 9606 \u2714 ISO 9001.","robots":{"index":"noindex","follow":"follow","max-snippet":"max-snippet:-1","max-image-preview":"max-image-preview:large","max-video-preview":"max-video-preview:-1"},"og_locale":"de_DE","og_type":"article","og_title":"T\u00dcV-Zertifizierung - Variogate","og_description":"Die T\u00dcV-Zertifizierung von Variogate erf\u00fcllt die h\u00f6chsten Standards f\u00fcr Arbeitssicherheit. \u2714 EN 1090-1 \u2714 EN 14122-3 \u2714 EN-ISO 9606 \u2714 ISO 9001.","og_url":"https:\/\/lemaras1.nl\/testvariogatecom\/certifications\/tuv-certification\/","og_site_name":"Variogate","article_modified_time":"2025-02-25T12:28:36+00:00","og_image":[{"width":500,"height":500,"url":"https:\/\/lemaras1.nl\/testvariogatecom\/wp-content\/uploads\/2025\/02\/Type-Approved_Mark-of-conformity_Variogate.webp","type":"image\/webp"}],"twitter_card":"summary_large_image","twitter_misc":{"Gesch\u00e4tzte Lesezeit":"3\u00a0Minuten"},"schema":{"@context":"https:\/\/schema.org","@graph":[{"@type":"WebPage","@id":"https:\/\/lemaras1.nl\/testvariogatecom\/certifications\/tuv-certification\/","url":"https:\/\/lemaras1.nl\/testvariogatecom\/certifications\/tuv-certification\/","name":"T\u00dcV-Zertifizierung - Variogate","isPartOf":{"@id":"https:\/\/lemaras1.nl\/testvariogatecom\/#website"},"primaryImageOfPage":{"@id":"https:\/\/lemaras1.nl\/testvariogatecom\/certifications\/tuv-certification\/#primaryimage"},"image":{"@id":"https:\/\/lemaras1.nl\/testvariogatecom\/certifications\/tuv-certification\/#primaryimage"},"thumbnailUrl":"https:\/\/lemaras1.nl\/testvariogatecom\/wp-content\/uploads\/2025\/02\/Type-Approved_Mark-of-conformity_Variogate.webp","datePublished":"2024-06-13T07:19:47+00:00","dateModified":"2025-02-25T12:28:36+00:00","description":"Die T\u00dcV-Zertifizierung von Variogate erf\u00fcllt die h\u00f6chsten Standards f\u00fcr Arbeitssicherheit. \u2714 EN 1090-1 \u2714 EN 14122-3 \u2714 EN-ISO 9606 \u2714 ISO 9001.","breadcrumb":{"@id":"https:\/\/lemaras1.nl\/testvariogatecom\/certifications\/tuv-certification\/#breadcrumb"},"inLanguage":"de","potentialAction":[{"@type":"ReadAction","target":["https:\/\/lemaras1.nl\/testvariogatecom\/certifications\/tuv-certification\/"]}]},{"@type":"ImageObject","inLanguage":"de","@id":"https:\/\/lemaras1.nl\/testvariogatecom\/certifications\/tuv-certification\/#primaryimage","url":"https:\/\/lemaras1.nl\/testvariogatecom\/wp-content\/uploads\/2025\/02\/Type-Approved_Mark-of-conformity_Variogate.webp","contentUrl":"https:\/\/lemaras1.nl\/testvariogatecom\/wp-content\/uploads\/2025\/02\/Type-Approved_Mark-of-conformity_Variogate.webp","width":500,"height":500,"caption":"TUV certificate Variogate"},{"@type":"BreadcrumbList","@id":"https:\/\/lemaras1.nl\/testvariogatecom\/certifications\/tuv-certification\/#breadcrumb","itemListElement":[{"@type":"ListItem","position":1,"name":"Home","item":"https:\/\/lemaras1.nl\/testvariogatecom\/de\/"},{"@type":"ListItem","position":2,"name":"Zertifizierungen","item":"https:\/\/lemaras1.nl\/testvariogatecom\/certifications\/"},{"@type":"ListItem","position":3,"name":"T\u00dcV-Zertifizierung"}]},{"@type":"WebSite","@id":"https:\/\/lemaras1.nl\/testvariogatecom\/#website","url":"https:\/\/lemaras1.nl\/testvariogatecom\/","name":"Variogate","description":"Next level safety","potentialAction":[{"@type":"SearchAction","target":{"@type":"EntryPoint","urlTemplate":"https:\/\/lemaras1.nl\/testvariogatecom\/?s={search_term_string}"},"query-input":{"@type":"PropertyValueSpecification","valueRequired":true,"valueName":"search_term_string"}}],"inLanguage":"de"}]}},"_links":{"self":[{"href":"https:\/\/lemaras1.nl\/testvariogatecom\/de\/wp-json\/wp\/v2\/pages\/28530","targetHints":{"allow":["GET"]}}],"collection":[{"href":"https:\/\/lemaras1.nl\/testvariogatecom\/de\/wp-json\/wp\/v2\/pages"}],"about":[{"href":"https:\/\/lemaras1.nl\/testvariogatecom\/de\/wp-json\/wp\/v2\/types\/page"}],"author":[{"embeddable":true,"href":"https:\/\/lemaras1.nl\/testvariogatecom\/de\/wp-json\/wp\/v2\/users\/10"}],"replies":[{"embeddable":true,"href":"https:\/\/lemaras1.nl\/testvariogatecom\/de\/wp-json\/wp\/v2\/comments?post=28530"}],"version-history":[{"count":3,"href":"https:\/\/lemaras1.nl\/testvariogatecom\/de\/wp-json\/wp\/v2\/pages\/28530\/revisions"}],"predecessor-version":[{"id":28706,"href":"https:\/\/lemaras1.nl\/testvariogatecom\/de\/wp-json\/wp\/v2\/pages\/28530\/revisions\/28706"}],"up":[{"embeddable":true,"href":"https:\/\/lemaras1.nl\/testvariogatecom\/de\/wp-json\/wp\/v2\/pages\/1250"}],"wp:featuredmedia":[{"embeddable":true,"href":"https:\/\/lemaras1.nl\/testvariogatecom\/de\/wp-json\/wp\/v2\/media\/28142"}],"wp:attachment":[{"href":"https:\/\/lemaras1.nl\/testvariogatecom\/de\/wp-json\/wp\/v2\/media?parent=28530"}],"curies":[{"name":"wp","href":"https:\/\/api.w.org\/{rel}","templated":true}]}}