{"id":28529,"date":"2024-06-13T07:19:47","date_gmt":"2024-06-13T07:19:47","guid":{"rendered":"http:\/\/lemaras1.nl\/testvariogatecom\/certifications\/tuv-certification\/"},"modified":"2025-02-25T12:27:25","modified_gmt":"2025-02-25T12:27:25","slug":"tuv-certification","status":"publish","type":"page","link":"https:\/\/lemaras1.nl\/testvariogatecom\/fr\/certifications\/tuv-certification\/","title":{"rendered":"Certification T\u00dcV"},"content":{"rendered":"\t\t<div data-elementor-type=\"wp-page\" data-elementor-id=\"28529\" class=\"elementor elementor-28529 elementor-23338\" data-elementor-post-type=\"page\">\n\t\t\t\t<div class=\"elementor-element elementor-element-61c19b4 e-flex e-con-boxed e-con e-parent\" data-id=\"61c19b4\" data-element_type=\"container\">\n\t\t\t\t\t<div class=\"e-con-inner\">\n\t\t<div class=\"elementor-element elementor-element-dddc130 e-con-full e-flex e-con e-child\" data-id=\"dddc130\" data-element_type=\"container\">\n\t\t\t\t<div class=\"elementor-element elementor-element-56e4afc elementor-widget elementor-widget-heading\" data-id=\"56e4afc\" data-element_type=\"widget\" data-widget_type=\"heading.default\">\n\t\t\t\t<div class=\"elementor-widget-container\">\n\t\t\t\t\t<h2 class=\"elementor-heading-title elementor-size-default\">Obtention de la certification T\u00dcV : les normes les plus \u00e9lev\u00e9es<\/h2>\t\t\t\t<\/div>\n\t\t\t\t<\/div>\n\t\t\t\t<div class=\"elementor-element elementor-element-b2dab40 elementor-widget elementor-widget-text-editor\" data-id=\"b2dab40\" data-element_type=\"widget\" data-widget_type=\"text-editor.default\">\n\t\t\t\t<div class=\"elementor-widget-container\">\n\t\t\t\t\t\t\t\t\t<p>Variogate est fier d&rsquo;annoncer que notre organisation a obtenu avec succ\u00e8s la certification rigoureuse T\u00dcV, ce qui t\u00e9moigne de notre engagement envers l&rsquo;excellence en mati\u00e8re de conception, de fabrication et de gestion de la qualit\u00e9. Cette r\u00e9alisation importante englobe plusieurs normes cl\u00e9s, chacune essentielle pour garantir les plus hauts niveaux de s\u00e9curit\u00e9, de fiabilit\u00e9 et de qualit\u00e9 de nos produits.<\/p>\n<p>En coop\u00e9ration avec T\u00dcV, des directives ont \u00e9t\u00e9 \u00e9tablies auxquelles nos produits doivent se conformer, ce qui nous permet de garantir notre haute qualit\u00e9. Nous n&rsquo;utilisons pas uniquement la norme EN-ISO-1422-3:2016. Nos produits sont fabriqu\u00e9s conform\u00e9ment \u00e0 la norme EN-1090-1, con\u00e7us sur la base de calculs de r\u00e9sistance et de logiciels de CAO conformes aux Eurocodes. Nous travaillons avec des soudeurs certifi\u00e9s (EN-ISO 9606-1) et des processus de production conformes \u00e0 la norme EN 1090, entre autres. Pour en savoir plus sur toutes ces directives, consultez <a href=\"http:\/\/lemaras1.nl\/testvariogatecom\/fr\/certifications\/iso-certification\/\">notre page de certification<\/a>.<\/p>\n\t\t\t\t\t\t\t\t<\/div>\n\t\t\t\t<\/div>\n\t\t\t\t<\/div>\n\t\t<div class=\"elementor-element elementor-element-6724831 e-con-full e-flex e-con e-child\" data-id=\"6724831\" data-element_type=\"container\">\n\t\t\t\t<div class=\"elementor-element elementor-element-a263978 elementor-widget elementor-widget-image\" data-id=\"a263978\" data-element_type=\"widget\" data-widget_type=\"image.default\">\n\t\t\t\t<div class=\"elementor-widget-container\">\n\t\t\t\t\t\t\t\t\t\t\t\t\t\t\t<img fetchpriority=\"high\" decoding=\"async\" width=\"500\" height=\"500\" src=\"https:\/\/lemaras1.nl\/testvariogatecom\/wp-content\/uploads\/2025\/02\/Type-Approved_Mark-of-conformity_Variogate.webp\" class=\"attachment-large size-large wp-image-28141\" alt=\"TUV certificate Variogate\" srcset=\"https:\/\/lemaras1.nl\/testvariogatecom\/wp-content\/uploads\/2025\/02\/Type-Approved_Mark-of-conformity_Variogate.webp 500w, https:\/\/lemaras1.nl\/testvariogatecom\/wp-content\/uploads\/2025\/02\/Type-Approved_Mark-of-conformity_Variogate-300x300.webp 300w, https:\/\/lemaras1.nl\/testvariogatecom\/wp-content\/uploads\/2025\/02\/Type-Approved_Mark-of-conformity_Variogate-150x150.webp 150w, https:\/\/lemaras1.nl\/testvariogatecom\/wp-content\/uploads\/2025\/02\/Type-Approved_Mark-of-conformity_Variogate-100x100.webp 100w\" sizes=\"(max-width: 500px) 100vw, 500px\" \/>\t\t\t\t\t\t\t\t\t\t\t\t\t\t\t<\/div>\n\t\t\t\t<\/div>\n\t\t\t\t<\/div>\n\t\t\t\t\t<\/div>\n\t\t\t\t<\/div>\n\t\t<div class=\"elementor-element elementor-element-d149483 e-flex e-con-boxed e-con e-parent\" data-id=\"d149483\" data-element_type=\"container\">\n\t\t\t\t\t<div class=\"e-con-inner\">\n\t\t\t\t<div class=\"elementor-element elementor-element-e3f92f7 elementor-widget elementor-widget-heading\" data-id=\"e3f92f7\" data-element_type=\"widget\" data-widget_type=\"heading.default\">\n\t\t\t\t<div class=\"elementor-widget-container\">\n\t\t\t\t\t<h2 class=\"elementor-heading-title elementor-size-default\">Nos directives en coop\u00e9ration avec T\u00dcV Nord<\/h2>\t\t\t\t<\/div>\n\t\t\t\t<\/div>\n\t\t\t\t\t<\/div>\n\t\t\t\t<\/div>\n\t\t<div class=\"elementor-element elementor-element-384d4f8 e-flex e-con-boxed e-con e-parent\" data-id=\"384d4f8\" data-element_type=\"container\">\n\t\t\t\t\t<div class=\"e-con-inner\">\n\t\t<div class=\"elementor-element elementor-element-35f7d5d e-con-full e-flex e-con e-child\" data-id=\"35f7d5d\" data-element_type=\"container\">\n\t\t\t\t<div class=\"elementor-element elementor-element-ad70026 elementor-widget elementor-widget-text-editor\" data-id=\"ad70026\" data-element_type=\"widget\" data-widget_type=\"text-editor.default\">\n\t\t\t\t<div class=\"elementor-widget-container\">\n\t\t\t\t\t\t\t\t\t<h3 style=\"font-size: 16px; color: #ce1719;\"><strong>Conception et fabrication selon la norme EN 1090-1<\/strong><\/h3>\n<p>Nos processus de conception et de fabrication ont \u00e9t\u00e9 certifi\u00e9s conformes aux exigences rigoureuses de la norme EN 1090-1. Cette norme sp\u00e9cifie les exigences relatives \u00e0 l&rsquo;ex\u00e9cution des structures en acier et en aluminium, garantissant que nos produits sont con\u00e7us et fabriqu\u00e9s avec la plus grande pr\u00e9cision et fiabilit\u00e9. L&rsquo;obtention de cette certification d\u00e9montre notre capacit\u00e9 \u00e0 produire des composants structurels qui r\u00e9pondent aux normes europ\u00e9ennes les plus strictes en mati\u00e8re de s\u00e9curit\u00e9 et de performance.<\/p>\n<h3 style=\"font-size: 16px; color: #ce1719;\"><strong>Garde-corps selon la norme EN 14122-3<\/strong><\/h3>\n<p>Nous avons \u00e9galement satisfait aux exigences de la norme EN 14122-3 pour nos syst\u00e8mes de garde-corps. Cette norme se concentre sur la s\u00e9curit\u00e9 des garde-corps en tant qu&rsquo;\u00e9l\u00e9ments des machines, garantissant que nos garde-corps offrent la protection n\u00e9cessaire pour pr\u00e9venir les chutes et les accidents. En adh\u00e9rant \u00e0 la norme EN 14122-3, nous garantissons que nos garde-corps sont con\u00e7us et install\u00e9s pour offrir une s\u00e9curit\u00e9 maximale et une conformit\u00e9 aux r\u00e9glementations de l&rsquo;industrie.<\/p>\n<h3 style=\"font-size: 16px; color: #ce1719;\"><strong>Pi\u00e8ces soud\u00e9es selon la norme EN-ISO 9606<\/strong><\/h3>\n<p>Nos proc\u00e9dures de soudage et la comp\u00e9tence de nos soudeurs ont \u00e9t\u00e9 valid\u00e9es conform\u00e9ment \u00e0 la norme EN-ISO 9606. Cette norme sp\u00e9cifie les tests de qualification des soudeurs pour le soudage par fusion des aciers et autres mat\u00e9riaux. L&rsquo;obtention de cette certification confirme que nos pi\u00e8ces soud\u00e9es sont produites avec la plus haute qualit\u00e9 et le plus grand savoir-faire, garantissant l&rsquo;int\u00e9grit\u00e9 structurelle et la long\u00e9vit\u00e9 de nos produits.<\/p>\n<h3 style=\"font-size: 16px; color: #ce1719;\"><strong>Test de balancement des sacs de sable selon NEN 6702<\/strong><\/h3>\n<p>Le Variogate a \u00e9t\u00e9 test\u00e9 conform\u00e9ment \u00e0 la norme NEN 6702, une norme n\u00e9erlandaise qui sp\u00e9cifie les exigences et les directives pour la conception, la construction et les tests des \u00e9chelles, escaliers et passerelles utilis\u00e9s dans les applications industrielles et autres. Cette norme garantit que ces structures r\u00e9pondent \u00e0 des crit\u00e8res stricts de s\u00e9curit\u00e9, de durabilit\u00e9 et de fonctionnalit\u00e9. <a href=\"http:\/\/lemaras1.nl\/testvariogatecom\/fr\/certifications\/sandbag-swing-test\/\">Le test de balancement des sacs de sable<\/a>, qui \u00e9value la r\u00e9sistance aux chocs et la durabilit\u00e9 des mat\u00e9riaux, confirme que notre Variogate est capable de r\u00e9sister \u00e0 des conditions difficiles tout en conservant son int\u00e9grit\u00e9 structurelle sous contrainte. La r\u00e9ussite de ce test renforce encore davantage le Variogate en tant que solution solide et fiable sur le march\u00e9.<\/p>\n<h3 style=\"font-size: 16px; color: #ce1719;\"><strong>Syst\u00e8me de gestion de la qualit\u00e9 selon la norme ISO 9001<\/strong><\/h3>\n<p>Notre syst\u00e8me de gestion de la qualit\u00e9 a \u00e9t\u00e9 certifi\u00e9 selon la norme ISO 9001. Cette norme reconnue \u00e0 l&rsquo;\u00e9chelle internationale garantit que nos processus s&rsquo;am\u00e9liorent en permanence et que nous nous engageons \u00e0 r\u00e9pondre aux exigences des clients et des autorit\u00e9s r\u00e9glementaires. La certification ISO 9001 souligne notre engagement envers la qualit\u00e9 et la satisfaction des clients, garantissant que nos produits et services sont du plus haut calibre.<\/p>\n<p>Pour plus d&rsquo;informations, vous pouvez \u00e9galement visiter le site Web suivant de T\u00dcV Pays-Bas : https:\/\/www.tuv.nl.<\/p>\n\t\t\t\t\t\t\t\t<\/div>\n\t\t\t\t<\/div>\n\t\t\t\t<\/div>\n\t\t<div class=\"elementor-element elementor-element-4c839bd e-con-full e-flex e-con e-child\" data-id=\"4c839bd\" data-element_type=\"container\">\n\t\t\t\t<div class=\"elementor-element elementor-element-aceec01 elementor-widget elementor-widget-image\" data-id=\"aceec01\" data-element_type=\"widget\" data-widget_type=\"image.default\">\n\t\t\t\t<div class=\"elementor-widget-container\">\n\t\t\t\t\t\t\t\t\t\t\t\t\t\t\t<img decoding=\"async\" width=\"724\" height=\"1024\" src=\"https:\/\/lemaras1.nl\/testvariogatecom\/wp-content\/uploads\/2025\/02\/Uittreksel-TUV-certificaat-haagh-protection-variogate-724x1024.webp\" class=\"attachment-large size-large wp-image-28642\" alt=\"Uittreksel TUV certificaat haagh-protection variogate\" srcset=\"https:\/\/lemaras1.nl\/testvariogatecom\/wp-content\/uploads\/2025\/02\/Uittreksel-TUV-certificaat-haagh-protection-variogate-724x1024.webp 724w, https:\/\/lemaras1.nl\/testvariogatecom\/wp-content\/uploads\/2025\/02\/Uittreksel-TUV-certificaat-haagh-protection-variogate-212x300.webp 212w, https:\/\/lemaras1.nl\/testvariogatecom\/wp-content\/uploads\/2025\/02\/Uittreksel-TUV-certificaat-haagh-protection-variogate-768x1086.webp 768w, https:\/\/lemaras1.nl\/testvariogatecom\/wp-content\/uploads\/2025\/02\/Uittreksel-TUV-certificaat-haagh-protection-variogate-1087x1536.webp 1087w, https:\/\/lemaras1.nl\/testvariogatecom\/wp-content\/uploads\/2025\/02\/Uittreksel-TUV-certificaat-haagh-protection-variogate-1449x2048.webp 1449w, https:\/\/lemaras1.nl\/testvariogatecom\/wp-content\/uploads\/2025\/02\/Uittreksel-TUV-certificaat-haagh-protection-variogate-300x424.webp 300w, https:\/\/lemaras1.nl\/testvariogatecom\/wp-content\/uploads\/2025\/02\/Uittreksel-TUV-certificaat-haagh-protection-variogate-600x848.webp 600w, https:\/\/lemaras1.nl\/testvariogatecom\/wp-content\/uploads\/2025\/02\/Uittreksel-TUV-certificaat-haagh-protection-variogate-scaled.webp 1811w\" sizes=\"(max-width: 724px) 100vw, 724px\" \/>\t\t\t\t\t\t\t\t\t\t\t\t\t\t\t<\/div>\n\t\t\t\t<\/div>\n\t\t\t\t<\/div>\n\t\t\t\t\t<\/div>\n\t\t\t\t<\/div>\n\t\t<div class=\"elementor-element elementor-element-ea79e3b e-flex e-con-boxed e-con e-parent\" data-id=\"ea79e3b\" data-element_type=\"container\">\n\t\t\t\t\t<div class=\"e-con-inner\">\n\t\t\t\t<div class=\"elementor-element elementor-element-97d6b2c elementor-widget elementor-widget-heading\" data-id=\"97d6b2c\" data-element_type=\"widget\" data-widget_type=\"heading.default\">\n\t\t\t\t<div class=\"elementor-widget-container\">\n\t\t\t\t\t<h2 class=\"elementor-heading-title elementor-size-default\">Conclusion<\/h2>\t\t\t\t<\/div>\n\t\t\t\t<\/div>\n\t\t\t\t<div class=\"elementor-element elementor-element-cf6a150 elementor-widget elementor-widget-text-editor\" data-id=\"cf6a150\" data-element_type=\"widget\" data-widget_type=\"text-editor.default\">\n\t\t\t\t<div class=\"elementor-widget-container\">\n\t\t\t\t\t\t\t\t\t<p>En conclusion, la certification T\u00dcV de Variogate souligne notre engagement ind\u00e9fectible \u00e0 maintenir les normes les plus \u00e9lev\u00e9es de s\u00e9curit\u00e9, de qualit\u00e9 et de fiabilit\u00e9 dans tous les aspects de nos op\u00e9rations. En adh\u00e9rant \u00e0 des directives et normes reconnues, telles que EN-ISO-1422-3:2016, EN-1090-1 et EN-ISO 9606-1, nous garantissons que chaque produit que nous fabriquons r\u00e9pond aux exigences les plus strictes. Nous restons d\u00e9termin\u00e9s \u00e0 nous am\u00e9liorer en permanence et \u00e0 fournir des produits auxquels nos clients peuvent faire confiance pour leur durabilit\u00e9 et leurs performances.<\/p>\n\t\t\t\t\t\t\t\t<\/div>\n\t\t\t\t<\/div>\n\t\t\t\t\t<\/div>\n\t\t\t\t<\/div>\n\t\t\t\t<\/div>\n\t\t","protected":false},"excerpt":{"rendered":"<p>Obtention de la certification T\u00dcV : les normes les plus \u00e9lev\u00e9es Variogate est fier d&rsquo;annoncer que notre organisation a obtenu avec succ\u00e8s la certification rigoureuse T\u00dcV, ce qui t\u00e9moigne de notre engagement envers l&rsquo;excellence en mati\u00e8re de conception, de fabrication et de gestion de la qualit\u00e9. Cette r\u00e9alisation importante englobe plusieurs normes cl\u00e9s, chacune essentielle&hellip;<\/p>\n","protected":false},"author":10,"featured_media":28141,"parent":21743,"menu_order":0,"comment_status":"closed","ping_status":"closed","template":"","meta":{"_acf_changed":false,"_bbp_topic_count":0,"_bbp_reply_count":0,"_bbp_total_topic_count":0,"_bbp_total_reply_count":0,"_bbp_voice_count":0,"_bbp_anonymous_reply_count":0,"_bbp_topic_count_hidden":0,"_bbp_reply_count_hidden":0,"_bbp_forum_subforum_count":0,"footnotes":""},"class_list":["post-28529","page","type-page","status-publish","has-post-thumbnail","hentry"],"acf":[],"yoast_head":"<!-- This site is optimized with the Yoast SEO plugin v24.3 - https:\/\/yoast.com\/wordpress\/plugins\/seo\/ -->\n<title>Certification T\u00dcV - Variogate<\/title>\n<meta name=\"description\" content=\"La certification Variogate T\u00dcV r\u00e9pond aux normes les plus \u00e9lev\u00e9es en mati\u00e8re de s\u00e9curit\u00e9 au travail. \u2714 EN 1090-1 \u2714 EN 14122-3 \u2714 EN-ISO 9606 \u2714 ISO 9001.\" \/>\n<meta name=\"robots\" content=\"noindex, follow, max-snippet:-1, max-image-preview:large, max-video-preview:-1\" \/>\n<meta property=\"og:locale\" content=\"fr_FR\" \/>\n<meta property=\"og:type\" content=\"article\" \/>\n<meta property=\"og:title\" content=\"Certification T\u00dcV - Variogate\" \/>\n<meta property=\"og:description\" content=\"La certification Variogate T\u00dcV r\u00e9pond aux normes les plus \u00e9lev\u00e9es en mati\u00e8re de s\u00e9curit\u00e9 au travail. \u2714 EN 1090-1 \u2714 EN 14122-3 \u2714 EN-ISO 9606 \u2714 ISO 9001.\" \/>\n<meta property=\"og:url\" content=\"https:\/\/lemaras1.nl\/testvariogatecom\/certifications\/tuv-certification\/\" \/>\n<meta property=\"og:site_name\" content=\"Variogate\" \/>\n<meta property=\"article:modified_time\" content=\"2025-02-25T12:27:25+00:00\" \/>\n<meta property=\"og:image\" content=\"https:\/\/lemaras1.nl\/testvariogatecom\/wp-content\/uploads\/2025\/02\/Type-Approved_Mark-of-conformity_Variogate.webp\" \/>\n\t<meta property=\"og:image:width\" content=\"500\" \/>\n\t<meta property=\"og:image:height\" content=\"500\" \/>\n\t<meta property=\"og:image:type\" content=\"image\/webp\" \/>\n<meta name=\"twitter:card\" content=\"summary_large_image\" \/>\n<meta name=\"twitter:label1\" content=\"Dur\u00e9e de lecture estim\u00e9e\" \/>\n\t<meta name=\"twitter:data1\" content=\"4 minutes\" \/>\n<script type=\"application\/ld+json\" class=\"yoast-schema-graph\">{\"@context\":\"https:\/\/schema.org\",\"@graph\":[{\"@type\":\"WebPage\",\"@id\":\"https:\/\/lemaras1.nl\/testvariogatecom\/certifications\/tuv-certification\/\",\"url\":\"https:\/\/lemaras1.nl\/testvariogatecom\/certifications\/tuv-certification\/\",\"name\":\"Certification T\u00dcV - Variogate\",\"isPartOf\":{\"@id\":\"https:\/\/lemaras1.nl\/testvariogatecom\/#website\"},\"primaryImageOfPage\":{\"@id\":\"https:\/\/lemaras1.nl\/testvariogatecom\/certifications\/tuv-certification\/#primaryimage\"},\"image\":{\"@id\":\"https:\/\/lemaras1.nl\/testvariogatecom\/certifications\/tuv-certification\/#primaryimage\"},\"thumbnailUrl\":\"https:\/\/lemaras1.nl\/testvariogatecom\/wp-content\/uploads\/2025\/02\/Type-Approved_Mark-of-conformity_Variogate.webp\",\"datePublished\":\"2024-06-13T07:19:47+00:00\",\"dateModified\":\"2025-02-25T12:27:25+00:00\",\"description\":\"La certification Variogate T\u00dcV r\u00e9pond aux normes les plus \u00e9lev\u00e9es en mati\u00e8re de s\u00e9curit\u00e9 au travail. \u2714 EN 1090-1 \u2714 EN 14122-3 \u2714 EN-ISO 9606 \u2714 ISO 9001.\",\"breadcrumb\":{\"@id\":\"https:\/\/lemaras1.nl\/testvariogatecom\/certifications\/tuv-certification\/#breadcrumb\"},\"inLanguage\":\"fr-FR\",\"potentialAction\":[{\"@type\":\"ReadAction\",\"target\":[\"https:\/\/lemaras1.nl\/testvariogatecom\/certifications\/tuv-certification\/\"]}]},{\"@type\":\"ImageObject\",\"inLanguage\":\"fr-FR\",\"@id\":\"https:\/\/lemaras1.nl\/testvariogatecom\/certifications\/tuv-certification\/#primaryimage\",\"url\":\"https:\/\/lemaras1.nl\/testvariogatecom\/wp-content\/uploads\/2025\/02\/Type-Approved_Mark-of-conformity_Variogate.webp\",\"contentUrl\":\"https:\/\/lemaras1.nl\/testvariogatecom\/wp-content\/uploads\/2025\/02\/Type-Approved_Mark-of-conformity_Variogate.webp\",\"width\":500,\"height\":500,\"caption\":\"TUV certificate Variogate\"},{\"@type\":\"BreadcrumbList\",\"@id\":\"https:\/\/lemaras1.nl\/testvariogatecom\/certifications\/tuv-certification\/#breadcrumb\",\"itemListElement\":[{\"@type\":\"ListItem\",\"position\":1,\"name\":\"Home\",\"item\":\"https:\/\/lemaras1.nl\/testvariogatecom\/\"},{\"@type\":\"ListItem\",\"position\":2,\"name\":\"Certifications\",\"item\":\"https:\/\/lemaras1.nl\/testvariogatecom\/certifications\/\"},{\"@type\":\"ListItem\",\"position\":3,\"name\":\"Certification T\u00dcV\"}]},{\"@type\":\"WebSite\",\"@id\":\"https:\/\/lemaras1.nl\/testvariogatecom\/#website\",\"url\":\"https:\/\/lemaras1.nl\/testvariogatecom\/\",\"name\":\"Variogate\",\"description\":\"Next level safety\",\"potentialAction\":[{\"@type\":\"SearchAction\",\"target\":{\"@type\":\"EntryPoint\",\"urlTemplate\":\"https:\/\/lemaras1.nl\/testvariogatecom\/?s={search_term_string}\"},\"query-input\":{\"@type\":\"PropertyValueSpecification\",\"valueRequired\":true,\"valueName\":\"search_term_string\"}}],\"inLanguage\":\"fr-FR\"}]}<\/script>\n<!-- \/ Yoast SEO plugin. -->","yoast_head_json":{"title":"Certification T\u00dcV - Variogate","description":"La certification Variogate T\u00dcV r\u00e9pond aux normes les plus \u00e9lev\u00e9es en mati\u00e8re de s\u00e9curit\u00e9 au travail. \u2714 EN 1090-1 \u2714 EN 14122-3 \u2714 EN-ISO 9606 \u2714 ISO 9001.","robots":{"index":"noindex","follow":"follow","max-snippet":"max-snippet:-1","max-image-preview":"max-image-preview:large","max-video-preview":"max-video-preview:-1"},"og_locale":"fr_FR","og_type":"article","og_title":"Certification T\u00dcV - Variogate","og_description":"La certification Variogate T\u00dcV r\u00e9pond aux normes les plus \u00e9lev\u00e9es en mati\u00e8re de s\u00e9curit\u00e9 au travail. \u2714 EN 1090-1 \u2714 EN 14122-3 \u2714 EN-ISO 9606 \u2714 ISO 9001.","og_url":"https:\/\/lemaras1.nl\/testvariogatecom\/certifications\/tuv-certification\/","og_site_name":"Variogate","article_modified_time":"2025-02-25T12:27:25+00:00","og_image":[{"width":500,"height":500,"url":"https:\/\/lemaras1.nl\/testvariogatecom\/wp-content\/uploads\/2025\/02\/Type-Approved_Mark-of-conformity_Variogate.webp","type":"image\/webp"}],"twitter_card":"summary_large_image","twitter_misc":{"Dur\u00e9e de lecture estim\u00e9e":"4 minutes"},"schema":{"@context":"https:\/\/schema.org","@graph":[{"@type":"WebPage","@id":"https:\/\/lemaras1.nl\/testvariogatecom\/certifications\/tuv-certification\/","url":"https:\/\/lemaras1.nl\/testvariogatecom\/certifications\/tuv-certification\/","name":"Certification T\u00dcV - Variogate","isPartOf":{"@id":"https:\/\/lemaras1.nl\/testvariogatecom\/#website"},"primaryImageOfPage":{"@id":"https:\/\/lemaras1.nl\/testvariogatecom\/certifications\/tuv-certification\/#primaryimage"},"image":{"@id":"https:\/\/lemaras1.nl\/testvariogatecom\/certifications\/tuv-certification\/#primaryimage"},"thumbnailUrl":"https:\/\/lemaras1.nl\/testvariogatecom\/wp-content\/uploads\/2025\/02\/Type-Approved_Mark-of-conformity_Variogate.webp","datePublished":"2024-06-13T07:19:47+00:00","dateModified":"2025-02-25T12:27:25+00:00","description":"La certification Variogate T\u00dcV r\u00e9pond aux normes les plus \u00e9lev\u00e9es en mati\u00e8re de s\u00e9curit\u00e9 au travail. \u2714 EN 1090-1 \u2714 EN 14122-3 \u2714 EN-ISO 9606 \u2714 ISO 9001.","breadcrumb":{"@id":"https:\/\/lemaras1.nl\/testvariogatecom\/certifications\/tuv-certification\/#breadcrumb"},"inLanguage":"fr-FR","potentialAction":[{"@type":"ReadAction","target":["https:\/\/lemaras1.nl\/testvariogatecom\/certifications\/tuv-certification\/"]}]},{"@type":"ImageObject","inLanguage":"fr-FR","@id":"https:\/\/lemaras1.nl\/testvariogatecom\/certifications\/tuv-certification\/#primaryimage","url":"https:\/\/lemaras1.nl\/testvariogatecom\/wp-content\/uploads\/2025\/02\/Type-Approved_Mark-of-conformity_Variogate.webp","contentUrl":"https:\/\/lemaras1.nl\/testvariogatecom\/wp-content\/uploads\/2025\/02\/Type-Approved_Mark-of-conformity_Variogate.webp","width":500,"height":500,"caption":"TUV certificate Variogate"},{"@type":"BreadcrumbList","@id":"https:\/\/lemaras1.nl\/testvariogatecom\/certifications\/tuv-certification\/#breadcrumb","itemListElement":[{"@type":"ListItem","position":1,"name":"Home","item":"https:\/\/lemaras1.nl\/testvariogatecom\/"},{"@type":"ListItem","position":2,"name":"Certifications","item":"https:\/\/lemaras1.nl\/testvariogatecom\/certifications\/"},{"@type":"ListItem","position":3,"name":"Certification T\u00dcV"}]},{"@type":"WebSite","@id":"https:\/\/lemaras1.nl\/testvariogatecom\/#website","url":"https:\/\/lemaras1.nl\/testvariogatecom\/","name":"Variogate","description":"Next level safety","potentialAction":[{"@type":"SearchAction","target":{"@type":"EntryPoint","urlTemplate":"https:\/\/lemaras1.nl\/testvariogatecom\/?s={search_term_string}"},"query-input":{"@type":"PropertyValueSpecification","valueRequired":true,"valueName":"search_term_string"}}],"inLanguage":"fr-FR"}]}},"_links":{"self":[{"href":"https:\/\/lemaras1.nl\/testvariogatecom\/fr\/wp-json\/wp\/v2\/pages\/28529","targetHints":{"allow":["GET"]}}],"collection":[{"href":"https:\/\/lemaras1.nl\/testvariogatecom\/fr\/wp-json\/wp\/v2\/pages"}],"about":[{"href":"https:\/\/lemaras1.nl\/testvariogatecom\/fr\/wp-json\/wp\/v2\/types\/page"}],"author":[{"embeddable":true,"href":"https:\/\/lemaras1.nl\/testvariogatecom\/fr\/wp-json\/wp\/v2\/users\/10"}],"replies":[{"embeddable":true,"href":"https:\/\/lemaras1.nl\/testvariogatecom\/fr\/wp-json\/wp\/v2\/comments?post=28529"}],"version-history":[{"count":3,"href":"https:\/\/lemaras1.nl\/testvariogatecom\/fr\/wp-json\/wp\/v2\/pages\/28529\/revisions"}],"predecessor-version":[{"id":28705,"href":"https:\/\/lemaras1.nl\/testvariogatecom\/fr\/wp-json\/wp\/v2\/pages\/28529\/revisions\/28705"}],"up":[{"embeddable":true,"href":"https:\/\/lemaras1.nl\/testvariogatecom\/fr\/wp-json\/wp\/v2\/pages\/21743"}],"wp:featuredmedia":[{"embeddable":true,"href":"https:\/\/lemaras1.nl\/testvariogatecom\/fr\/wp-json\/wp\/v2\/media\/28141"}],"wp:attachment":[{"href":"https:\/\/lemaras1.nl\/testvariogatecom\/fr\/wp-json\/wp\/v2\/media?parent=28529"}],"curies":[{"name":"wp","href":"https:\/\/api.w.org\/{rel}","templated":true}]}}